{"id":9202,"date":"2025-06-16T12:13:33","date_gmt":"2025-06-16T12:13:33","guid":{"rendered":"https:\/\/newrest.kardinalt.com\/informacion-legal\/"},"modified":"2025-07-09T13:02:41","modified_gmt":"2025-07-09T13:02:41","slug":"informacion-legal","status":"publish","type":"page","link":"https:\/\/newrest.kardinalt.com\/es\/informacion-legal\/","title":{"rendered":"Informaci\u00f3n legal"},"content":{"rendered":"<h2><strong>Art\u00edculo 1 - Informaci\u00f3n legal<\/strong><\/h2>\n<p>De conformidad con el art\u00edculo 6 de la Ley n\u00ba 2004-575 de 21 de junio de 2004 sobre la confianza en la econom\u00eda digital, este art\u00edculo especifica la identidad de las distintas partes implicadas en su aplicaci\u00f3n y seguimiento.<\/p>\n<p><strong>El Sitio est\u00e1 publicado por :<\/strong><\/p>\n<p>Servicios del Grupo Newrest por el Departamento de Comunicaci\u00f3n<\/p>\n<p>Con domicilio social en la siguiente direcci\u00f3n: 61 boulevard Lazare Carnot 31000 Toulouse y registrada con el siguiente n\u00famero 831 790 787<\/p>\n<p>En lo sucesivo, \u00abel Editor\u00bb.<\/p>\n<p>La Directora de Publicaciones es Marion Faure.<\/p>\n<p>En adelante \u00abel Gestor de la Publicaci\u00f3n\u00bb o \u00abel Gestor de la Publicaci\u00f3n\u00bb.<\/p>\n<p>El sitio web www.newrest.eu est\u00e1 alojado por OVH, SAS con capital de 10.069.020,00 euros, RCS LILLE M\u00c9TROPOLE 424761419, con domicilio social en 2 rue Kellerman 59100 ROUBAIX.<\/p>\n<p>En lo sucesivo denominado \u00abAnfitri\u00f3n\u00bb.<\/p>\n<p>Todos los usuarios de Internet que navegan, leen, ven y utilizan el sitio se consideran usuarios.<\/p>\n<p>En lo sucesivo, los \u00abUsuarios\u00bb.<\/p>\n<p>&nbsp;<\/p>\n<p><strong>Cr\u00e9ditos:<\/strong> dise\u00f1o, producci\u00f3n y desarrollo del sitio web: <a href=\"https:\/\/kardinalt.com\/\" target=\"_blank\" rel=\"noopener\">Kardinal T<\/a>,<\/p>\n<p>Kardinal T, SARL con capital de 10.000,00 euros, RCS TOULOUSE 823605183. Establecimiento secundario: 55 avenue Louis Br\u00e9guet 31500 TOULOUSE <\/p>\n<p>&nbsp;<\/p>\n<h2><strong>Art\u00edculo 2 - Accesibilidad<\/strong><\/h2>\n<p>En principio, el Sitio es accesible a los usuarios 24 horas al d\u00eda, 7 d\u00edas a la semana, a menos que se interrumpa, de forma programada o no, por motivos de mantenimiento o en caso de fuerza mayor.<\/p>\n<p>En caso de que el Sitio no est\u00e9 disponible, el Editor se compromete a hacer todo lo posible para restablecer el acceso. El Editor no ser\u00e1 responsable de ning\u00fan da\u00f1o derivado de su indisponibilidad. <\/p>\n<h2><strong>Art\u00edculo 3 - Recogida de datos y Ley de Protecci\u00f3n de Datos<\/strong><\/h2>\n<p>Se informa a los usuarios del sitio web www.newrest.eu de que sus datos personales recogidos en el marco de formularios de contacto, servicios personalizados o cualquier otro cuestionario son objeto de un tratamiento automatizado por parte del Grupo Newrest.<\/p>\n<p>Este es el caso, en particular, de los formularios de las secciones \u00abContacto\u00bb o \u00abCarrera\u00bb.<\/p>\n<p>Los datos recogidos se mantienen estrictamente confidenciales y son utilizados exclusivamente por los Servicios del Grupo Newrest o los departamentos internos del grupo.<\/p>\n<p>Algunos de los datos espec\u00edficos solicitados son obligatorios. Si no rellenas estos campos obligatorios, tu solicitud no ser\u00e1 procesada. <\/p>\n<p>Este sitio cumple las disposiciones de la Ley francesa 78-17, de 6 de enero de 1978, de Protecci\u00f3n de Datos. En virtud de esta ley, los Usuarios tienen derecho de oposici\u00f3n, acceso, supresi\u00f3n y rectificaci\u00f3n de los datos que les conciernan. <\/p>\n<p>Para hacer uso de ellas, el Usuario deber\u00e1 enviar una solicitud a la siguiente direcci\u00f3n:<\/p>\n<p>DEPARTAMENTO DE COMUNICACI\u00d3N- 61 BOULEVARD LAZARE CARNOT - 31000 TOULOUSE<em>(En Espa\u00f1a: Newrest Espa\u00f1a Calle de los Fontaneros 5-7, 28830 San Fernando de Henares, Madrid, Espa\u00f1a).<\/em><\/p>\n<p>O<\/p>\n<p>Rellena el formulario en l\u00ednea de la secci\u00f3n <a href=\"https:\/\/newrest.kardinalt.com\/es\/contactenos\/\">\u00abCONT\u00c1CTANOS<\/a> \u00bb del sitio web.<\/p>\n<p>Para m\u00e1s informaci\u00f3n sobre la protecci\u00f3n de datos personales, consulta el sitio web de la CNIL<a href=\"http:\/\/www.cnil.fr\/\">(www.cnil.fr).<\/a><\/p>\n<p>Contacto Newrest RGPD:<a href=\"maito:gdpr.request@newrest.eu\" target=\"_blank\" rel=\"noopener\"> gdpr.request@newrest.eu<\/a><\/p>\n<h2><strong>Art\u00edculo 4 - Pol\u00edtica de cookies<\/strong><\/h2>\n<p>Una cookie es un archivo de texto que puede ser almacenado, sujeto a tus elecciones, en un espacio dedicado en el disco duro de tu terminal cuando utilizas tu navegador para visitar el Sitio.<\/p>\n<p>Contiene informaci\u00f3n sobre la navegaci\u00f3n en las p\u00e1ginas de este sitio.<\/p>\n<p>Las cookies son v\u00e1lidas durante trece meses.<\/p>\n<p>El Usuario puede negarse a aceptar cookies configurando su navegador:<\/p>\n<p>Para <a href=\"http:\/\/windows.microsoft.com\/fr-FR\/windows-vista\/Block-or-allow-cookies%22%20target=%22_blank\" target=\"_blank\" rel=\"noopener noreferrer\">Internet Explorer\u2122<\/a>.<\/p>\n<p>Para <a href=\"http:\/\/support.apple.com\/kb\/ht1677?viewlocale=fr_FR%22%20target=%22_blank\" target=\"_blank\" rel=\"noopener noreferrer\">Safari\u2122<\/a>.<\/p>\n<p>Para <a href=\"https:\/\/support.google.com\/accounts\/answer\/61416?hl=fr\" target=\"_blank\" rel=\"noopener noreferrer\">cromo\u2122<\/a>.<\/p>\n<p>Para <a href=\"https:\/\/support.mozilla.org\/fr\/kb\/activer-desactiver-cookies\" target=\"_blank\" rel=\"noopener noreferrer\">Firefox\u2122<\/a>.<\/p>\n<p>Para <a href=\"https:\/\/help.opera.com\/en\/latest\/web-preferences\/#cookies\" target=\"_blank\" rel=\"noopener\">Opera\u2122<\/a>.<\/p>\n<p>El Sitio Web utiliza Google Analytics, una herramienta de an\u00e1lisis web de Google. Permite a los propietarios de sitios web y aplicaciones comprender mejor el comportamiento de sus usuarios. Google Analytics utiliza diferentes tipos de cookies (_ga, _gat, _utma, _utmb, _utmc, _utmt, _utmz).  <\/p>\n<p>Para m\u00e1s informaci\u00f3n sobre c\u00f3mo Google Analytics recopila y utiliza estos datos y los derechos asociados al uso de estas cookies, consulta su <a href=\"http:\/\/www.google.com\/intl\/fr\/policies\/privacy\/\" target=\"_blank\" rel=\"noopener noreferrer\">Pol\u00edtica de Privacidad<\/a>.<\/p>\n<p>Sin embargo, si no quieres que Google Analytics recopile Datos Personales tuyos, puedes descargar e instalar <a href=\"https:\/\/tools.google.com\/dlpage\/gaoptout?hl=fr\" target=\"_blank\" rel=\"noopener noreferrer\">el complemento de desactivaci\u00f3n de Google Analytics para navegadores<\/a>.<\/p>\n<h2><strong>Art\u00edculo 5 - Ley aplicable y jurisdicci\u00f3n<\/strong><\/h2>\n<p>El presente aviso legal se rige por la legislaci\u00f3n francesa. En caso de litigio y a falta de acuerdo amistoso, \u00e9ste se someter\u00e1 a los tribunales franceses de conformidad con las normas de competencia vigentes. En su defecto, las partes acuerdan someter el litigio al tribunal competente.  <\/p>\n<p>Si accedes al sitio www.newrest.eu desde un pa\u00eds distinto de Francia, te comprometes a cumplir tambi\u00e9n la legislaci\u00f3n aplicable localmente.<\/p>\n<h2><strong>Art\u00edculo 6 - Propiedad intelectual<\/strong><\/h2>\n<p>La estructura del sitio, as\u00ed como los textos, gr\u00e1ficos, im\u00e1genes, fotograf\u00edas, sonidos, v\u00eddeos y aplicaciones que lo componen, son propiedad del Editor y est\u00e1n protegidos como tales por la legislaci\u00f3n vigente en materia de propiedad intelectual.<\/p>\n<p>Cualquier representaci\u00f3n, reproducci\u00f3n, adaptaci\u00f3n o explotaci\u00f3n parcial o total del contenido, marcas y servicios ofrecidos por el sitio, por cualquier procedimiento, sin la autorizaci\u00f3n previa, expresa y por escrito del editor, est\u00e1 estrictamente prohibida y puede constituir una infracci\u00f3n en el sentido del art\u00edculo L335-2 y siguientes del C\u00f3digo franc\u00e9s de la Propiedad Intelectual.<\/p>\n<p>El acceso al sitio no supone reconocimiento de derecho alguno y, en general, no confiere ning\u00fan derecho de propiedad intelectual sobre ninguno de los elementos del sitio, que siguen siendo propiedad exclusiva del Editor.<\/p>\n<p>Se proh\u00edbe a los usuarios introducir en el sitio datos que modifiquen o puedan modificar su contenido o apariencia.<\/p>\n<h2><strong>Art\u00edculo 7 - Contacto<\/strong><\/h2>\n<p>Para denunciar contenidos o actividades ilegales, el Usuario puede ponerse en contacto con el Editor en la siguiente direcci\u00f3n, o por correo certificado con acuse de recibo dirigido al Editor en la direcci\u00f3n especificada en este Aviso Legal.<\/p>\n","protected":false},"excerpt":{"rendered":"<p>Art\u00edculo 1 - Informaci\u00f3n legal De conformidad con el art\u00edculo 6 de la Ley n\u00ba 2004-575 de 21 de junio de 2004 sobre la confianza en la econom\u00eda digital, este art\u00edculo especifica la identidad de las distintas partes implicadas en su aplicaci\u00f3n y seguimiento. El Sitio est\u00e1 publicado por : Servicios del Grupo Newrest por [&hellip;]<\/p>\n","protected":false},"author":1,"featured_media":0,"parent":0,"menu_order":0,"comment_status":"closed","ping_status":"closed","template":"","meta":{"_acf_changed":false,"footnotes":""},"class_list":["post-9202","page","type-page","status-publish","hentry"],"acf":[],"yoast_head":"<!-- This site is optimized with the Yoast SEO plugin v27.3 - https:\/\/yoast.com\/product\/yoast-seo-wordpress\/ -->\n<title>Informaci\u00f3n legal - Newrest<\/title>\n<meta name=\"description\" content=\"Consulta los avisos legales del sitio Newrest: informaci\u00f3n legal, condiciones de uso y datos de contacto del editor.\" \/>\n<meta name=\"robots\" content=\"noindex, follow, max-snippet:-1, max-image-preview:large, max-video-preview:-1\" \/>\n<meta property=\"og:locale\" content=\"es_ES\" \/>\n<meta property=\"og:type\" content=\"article\" \/>\n<meta property=\"og:title\" content=\"Informaci\u00f3n legal - Newrest\" \/>\n<meta property=\"og:description\" content=\"Consulta los avisos legales del sitio Newrest: informaci\u00f3n legal, condiciones de uso y datos de contacto del editor.\" \/>\n<meta property=\"og:url\" content=\"https:\/\/newrest.kardinalt.com\/es\/informacion-legal\/\" \/>\n<meta property=\"og:site_name\" content=\"Newrest, soluciones de alimentaci\u00f3n Unlimited\" \/>\n<meta property=\"article:modified_time\" content=\"2025-07-09T13:02:41+00:00\" \/>\n<meta property=\"og:image\" content=\"https:\/\/newrest.kardinalt.com\/wp-content\/uploads\/2025\/03\/Logo-Newrest.png\" \/>\n\t<meta property=\"og:image:width\" content=\"2560\" \/>\n\t<meta property=\"og:image:height\" content=\"914\" \/>\n\t<meta property=\"og:image:type\" content=\"image\/png\" \/>\n<meta name=\"twitter:card\" content=\"summary_large_image\" \/>\n<meta name=\"twitter:label1\" content=\"Tiempo de lectura\" \/>\n\t<meta name=\"twitter:data1\" content=\"5 minuto\" \/>\n<script type=\"application\/ld+json\" class=\"yoast-schema-graph\">{\"@context\":\"https:\\\/\\\/schema.org\",\"@graph\":[{\"@type\":\"WebPage\",\"@id\":\"https:\\\/\\\/newrest.kardinalt.com\\\/es\\\/informacion-legal\\\/\",\"url\":\"https:\\\/\\\/newrest.kardinalt.com\\\/es\\\/informacion-legal\\\/\",\"name\":\"Informaci\u00f3n legal - Newrest\",\"isPartOf\":{\"@id\":\"https:\\\/\\\/newrest.kardinalt.com\\\/#website\"},\"datePublished\":\"2025-06-16T12:13:33+00:00\",\"dateModified\":\"2025-07-09T13:02:41+00:00\",\"description\":\"Consulta los avisos legales del sitio Newrest: informaci\u00f3n legal, condiciones de uso y datos de contacto del editor.\",\"breadcrumb\":{\"@id\":\"https:\\\/\\\/newrest.kardinalt.com\\\/es\\\/informacion-legal\\\/#breadcrumb\"},\"inLanguage\":\"es\",\"potentialAction\":[{\"@type\":\"ReadAction\",\"target\":[\"https:\\\/\\\/newrest.kardinalt.com\\\/es\\\/informacion-legal\\\/\"]}]},{\"@type\":\"BreadcrumbList\",\"@id\":\"https:\\\/\\\/newrest.kardinalt.com\\\/es\\\/informacion-legal\\\/#breadcrumb\",\"itemListElement\":[{\"@type\":\"ListItem\",\"position\":1,\"name\":\"Inicio\",\"item\":\"https:\\\/\\\/newrest.kardinalt.com\\\/es\\\/\"},{\"@type\":\"ListItem\",\"position\":2,\"name\":\"Informaci\u00f3n legal\"}]},{\"@type\":\"WebSite\",\"@id\":\"https:\\\/\\\/newrest.kardinalt.com\\\/#website\",\"url\":\"https:\\\/\\\/newrest.kardinalt.com\\\/\",\"name\":\"Newrest, solutions de restauration\u00a0Unlimited\",\"description\":\"Newrest\",\"publisher\":{\"@id\":\"https:\\\/\\\/newrest.kardinalt.com\\\/#organization\"},\"alternateName\":\"Newrest\",\"potentialAction\":[{\"@type\":\"SearchAction\",\"target\":{\"@type\":\"EntryPoint\",\"urlTemplate\":\"https:\\\/\\\/newrest.kardinalt.com\\\/?s={search_term_string}\"},\"query-input\":{\"@type\":\"PropertyValueSpecification\",\"valueRequired\":true,\"valueName\":\"search_term_string\"}}],\"inLanguage\":\"es\"},{\"@type\":\"Organization\",\"@id\":\"https:\\\/\\\/newrest.kardinalt.com\\\/#organization\",\"name\":\"Newrest, solutions de restauration\u00a0Unlimited\",\"alternateName\":\"Newrest\",\"url\":\"https:\\\/\\\/newrest.kardinalt.com\\\/\",\"logo\":{\"@type\":\"ImageObject\",\"inLanguage\":\"es\",\"@id\":\"https:\\\/\\\/newrest.kardinalt.com\\\/#\\\/schema\\\/logo\\\/image\\\/\",\"url\":\"https:\\\/\\\/newrest.kardinalt.com\\\/wp-content\\\/uploads\\\/2025\\\/05\\\/Newrest-Logo-1.svg\",\"contentUrl\":\"https:\\\/\\\/newrest.kardinalt.com\\\/wp-content\\\/uploads\\\/2025\\\/05\\\/Newrest-Logo-1.svg\",\"caption\":\"Newrest, solutions de restauration\u00a0Unlimited\"},\"image\":{\"@id\":\"https:\\\/\\\/newrest.kardinalt.com\\\/#\\\/schema\\\/logo\\\/image\\\/\"},\"sameAs\":[\"https:\\\/\\\/www.linkedin.com\\\/company\\\/newrest-\\\/\",\"https:\\\/\\\/www.instagram.com\\\/newrest_group\\\/\"]}]}<\/script>\n<!-- \/ Yoast SEO plugin. -->","yoast_head_json":{"title":"Informaci\u00f3n legal - Newrest","description":"Consulta los avisos legales del sitio Newrest: informaci\u00f3n legal, condiciones de uso y datos de contacto del editor.","robots":{"index":"noindex","follow":"follow","max-snippet":"max-snippet:-1","max-image-preview":"max-image-preview:large","max-video-preview":"max-video-preview:-1"},"og_locale":"es_ES","og_type":"article","og_title":"Informaci\u00f3n legal - Newrest","og_description":"Consulta los avisos legales del sitio Newrest: informaci\u00f3n legal, condiciones de uso y datos de contacto del editor.","og_url":"https:\/\/newrest.kardinalt.com\/es\/informacion-legal\/","og_site_name":"Newrest, soluciones de alimentaci\u00f3n Unlimited","article_modified_time":"2025-07-09T13:02:41+00:00","og_image":[{"width":2560,"height":914,"url":"https:\/\/newrest.kardinalt.com\/wp-content\/uploads\/2025\/03\/Logo-Newrest.png","type":"image\/png"}],"twitter_card":"summary_large_image","twitter_misc":{"Tiempo de lectura":"5 minuto"},"schema":{"@context":"https:\/\/schema.org","@graph":[{"@type":"WebPage","@id":"https:\/\/newrest.kardinalt.com\/es\/informacion-legal\/","url":"https:\/\/newrest.kardinalt.com\/es\/informacion-legal\/","name":"Informaci\u00f3n legal - Newrest","isPartOf":{"@id":"https:\/\/newrest.kardinalt.com\/#website"},"datePublished":"2025-06-16T12:13:33+00:00","dateModified":"2025-07-09T13:02:41+00:00","description":"Consulta los avisos legales del sitio Newrest: informaci\u00f3n legal, condiciones de uso y datos de contacto del editor.","breadcrumb":{"@id":"https:\/\/newrest.kardinalt.com\/es\/informacion-legal\/#breadcrumb"},"inLanguage":"es","potentialAction":[{"@type":"ReadAction","target":["https:\/\/newrest.kardinalt.com\/es\/informacion-legal\/"]}]},{"@type":"BreadcrumbList","@id":"https:\/\/newrest.kardinalt.com\/es\/informacion-legal\/#breadcrumb","itemListElement":[{"@type":"ListItem","position":1,"name":"Inicio","item":"https:\/\/newrest.kardinalt.com\/es\/"},{"@type":"ListItem","position":2,"name":"Informaci\u00f3n legal"}]},{"@type":"WebSite","@id":"https:\/\/newrest.kardinalt.com\/#website","url":"https:\/\/newrest.kardinalt.com\/","name":"Newrest, solutions de restauration\u00a0Unlimited","description":"Newrest","publisher":{"@id":"https:\/\/newrest.kardinalt.com\/#organization"},"alternateName":"Newrest","potentialAction":[{"@type":"SearchAction","target":{"@type":"EntryPoint","urlTemplate":"https:\/\/newrest.kardinalt.com\/?s={search_term_string}"},"query-input":{"@type":"PropertyValueSpecification","valueRequired":true,"valueName":"search_term_string"}}],"inLanguage":"es"},{"@type":"Organization","@id":"https:\/\/newrest.kardinalt.com\/#organization","name":"Newrest, solutions de restauration\u00a0Unlimited","alternateName":"Newrest","url":"https:\/\/newrest.kardinalt.com\/","logo":{"@type":"ImageObject","inLanguage":"es","@id":"https:\/\/newrest.kardinalt.com\/#\/schema\/logo\/image\/","url":"https:\/\/newrest.kardinalt.com\/wp-content\/uploads\/2025\/05\/Newrest-Logo-1.svg","contentUrl":"https:\/\/newrest.kardinalt.com\/wp-content\/uploads\/2025\/05\/Newrest-Logo-1.svg","caption":"Newrest, solutions de restauration\u00a0Unlimited"},"image":{"@id":"https:\/\/newrest.kardinalt.com\/#\/schema\/logo\/image\/"},"sameAs":["https:\/\/www.linkedin.com\/company\/newrest-\/","https:\/\/www.instagram.com\/newrest_group\/"]}]}},"_links":{"self":[{"href":"https:\/\/newrest.kardinalt.com\/es\/wp-json\/wp\/v2\/pages\/9202","targetHints":{"allow":["GET"]}}],"collection":[{"href":"https:\/\/newrest.kardinalt.com\/es\/wp-json\/wp\/v2\/pages"}],"about":[{"href":"https:\/\/newrest.kardinalt.com\/es\/wp-json\/wp\/v2\/types\/page"}],"author":[{"embeddable":true,"href":"https:\/\/newrest.kardinalt.com\/es\/wp-json\/wp\/v2\/users\/1"}],"replies":[{"embeddable":true,"href":"https:\/\/newrest.kardinalt.com\/es\/wp-json\/wp\/v2\/comments?post=9202"}],"version-history":[{"count":1,"href":"https:\/\/newrest.kardinalt.com\/es\/wp-json\/wp\/v2\/pages\/9202\/revisions"}],"predecessor-version":[{"id":9293,"href":"https:\/\/newrest.kardinalt.com\/es\/wp-json\/wp\/v2\/pages\/9202\/revisions\/9293"}],"wp:attachment":[{"href":"https:\/\/newrest.kardinalt.com\/es\/wp-json\/wp\/v2\/media?parent=9202"}],"curies":[{"name":"wp","href":"https:\/\/api.w.org\/{rel}","templated":true}]}}